{"id":2,"date":"2025-03-30T22:57:17","date_gmt":"2025-03-31T01:57:17","guid":{"rendered":"http:\/\/blog.arantesimobiliaria.com.br\/?page_id=2"},"modified":"2025-08-21T11:31:06","modified_gmt":"2025-08-21T14:31:06","slug":"pagina-exemplo","status":"publish","type":"page","link":"https:\/\/blog.arantesimobiliaria.com.br\/index.php\/pagina-exemplo\/","title":{"rendered":"Sobre"},"content":{"rendered":"\n<p>Muito prazer, somos Arantes Imobili\u00e1ria!<\/p>\n\n\n\n<p>Uma imobili\u00e1ria que est\u00e1 na vanguarda do seu segmento, buscando atender com excelencia, levando as melhores oportunidades para seus clientes, com as melhores condi\u00e7oes. Com um portf\u00f3lio variado de oportunidades, buscamos conectar pessoas e im\u00f3veis para realizar sonhos e alavancar projetos excepcionais!<\/p>\n\n\n\n<h3 class=\"wp-block-heading\">Um pouco da nossa hist\u00f3ria<\/h3>\n\n\n\n<p>A Arantes Neg\u00f3cios Imobili\u00e1rios surgiu em raz\u00e3o da necessidade local por sua expans\u00e3o desenfreada! Com um atendimento excepcional, enxergamos que nossos colaboradores s\u00e3o os agentes de progresso da cidade, e, por isso nossa exig\u00eancia em uma equipe qualificada, com \u00e9tica e profissionalismo para melhor atend\u00ea-los.<\/p>\n\n\n\n<p>Im\u00f3veis s\u00e3o uma forma f\u00e1cil e lucrativa de investimento. Quando voc\u00ea investe em um im\u00f3vel, poder\u00e1 aproveitar oportunidades da regi\u00e3o. E a Arantes Imobili\u00e1ria nasceu para te auxiliar nas melhores oportunidades de investimento, n\u00f3s cuidamos de&nbsp;tudo&nbsp;pra&nbsp;voc\u00ea!<\/p>\n\n\n\n<h3 class=\"wp-block-heading\">Nosso fundador<\/h3>\n\n\n\n<p>Guilherme \u00e9 natural de Tr\u00eas Lagoas-MS, formado em direito pela PUC-PR e Latin Legum Magister em Direito Tribut\u00e1rio pela FGV-SP. Apesar de sua forma\u00e7\u00e3o ser derivada do meio jur\u00eddico, o propriet\u00e1rio cresceu no meio da incorpora\u00e7\u00e3o imobili\u00e1ria e constru\u00e7\u00e3o civil atrav\u00e9s do seu av\u00f4, idealizador do bairro jardim dos ip\u00eas e grande incorporador da regi\u00e3o.<\/p>\n\n\n\n<figure class=\"wp-block-image\"><img decoding=\"async\" src=\"https:\/\/arantesimobiliaria.com.br\/assets\/img\/arantes_semivert.png\" alt=\"\"\/><\/figure>\n\n\n\n<p><\/p>\n\n\n\n<h2 class=\"wp-block-heading\">Quais s\u00e3o os diferenciais da Arantes Imobili\u00e1ria?<\/h2>\n\n\n\n<p>Somos uma empresa com vasta experi\u00eancia no mercado, e queremos levar todo este expertise para sua pr\u00f3xima escolha imobili\u00e1ria.<\/p>\n\n\n\n<h4 class=\"wp-block-heading\">Melhores Im\u00f3veis<\/h4>\n\n\n\n<p>Os melhores im\u00f3veis da cidade para voc\u00ea realizar seu sonho ou atender suas necessidades profissionais.<\/p>\n\n\n\n<h4 class=\"wp-block-heading\">Processos R\u00e1pidos e Eficientes<\/h4>\n\n\n\n<p>Efici\u00eancia na gest\u00e3o de contratos e de processos de compra\/venda. Fique tranquilo, pois cuidamos de cada detalhe para voc\u00ea.<\/p>\n\n\n\n<h4 class=\"wp-block-heading\">Melhores Condi\u00e7\u00f5es<\/h4>\n\n\n\n<p>Trabalhamos com os melhores parceiros para ofertar as melhores condi\u00e7\u00f5es e oportunidades para voc\u00ea.<\/p>\n\n\n\n<h4 class=\"wp-block-heading\">Equipe especializado<\/h4>\n\n\n\n<p>Equipe extremamente capacitado para atender suas demandas. Aqui na Arantes Imobili\u00e1ria voc\u00ea \u00e9 prioridade sempre!<\/p>\n\n\n\n<h4 class=\"wp-block-heading\">Anunciamos sua propriedade<\/h4>\n\n\n\n<p>Voc\u00ea tem um im\u00f3vel e deseja anuncia-lo? Conte com o nosso expertise e deixe seu patrim\u00f4nio nas melhores m\u00e3os.<\/p>\n\n\n\n<h4 class=\"wp-block-heading\">Alto fluxo de neg\u00f3cios<\/h4>\n\n\n\n<p>Atrav\u00e9s de nossa equipe de consultores e de parceiros, os im\u00f3veis vinculados a nossa imobili\u00e1ria est\u00e3o sempre em destaque.<\/p>\n\n\n\n<p>Acesse nosso site em <a href=\"https:\/\/www.arantesimobiliaria.com.br\">https:\/\/www.arantesimobiliaria.com.br<\/a><\/p>\n","protected":false},"excerpt":{"rendered":"<p>Muito prazer, somos Arantes Imobili\u00e1ria! Uma imobili\u00e1ria que est\u00e1 na vanguarda do seu segmento, buscando atender com excelencia, levando as melhores oportunidades para seus clientes, com as melhores condi\u00e7oes. Com um portf\u00f3lio variado de oportunidades, buscamos conectar pessoas e im\u00f3veis para realizar sonhos e alavancar projetos excepcionais! Um pouco da nossa hist\u00f3ria A Arantes Neg\u00f3cios [&hellip;]<\/p>\n","protected":false},"author":1,"featured_media":0,"parent":0,"menu_order":0,"comment_status":"closed","ping_status":"open","template":"","meta":{"footnotes":""},"class_list":["post-2","page","type-page","status-publish","hentry"],"_links":{"self":[{"href":"https:\/\/blog.arantesimobiliaria.com.br\/index.php\/wp-json\/wp\/v2\/pages\/2","targetHints":{"allow":["GET"]}}],"collection":[{"href":"https:\/\/blog.arantesimobiliaria.com.br\/index.php\/wp-json\/wp\/v2\/pages"}],"about":[{"href":"https:\/\/blog.arantesimobiliaria.com.br\/index.php\/wp-json\/wp\/v2\/types\/page"}],"author":[{"embeddable":true,"href":"https:\/\/blog.arantesimobiliaria.com.br\/index.php\/wp-json\/wp\/v2\/users\/1"}],"replies":[{"embeddable":true,"href":"https:\/\/blog.arantesimobiliaria.com.br\/index.php\/wp-json\/wp\/v2\/comments?post=2"}],"version-history":[{"count":1,"href":"https:\/\/blog.arantesimobiliaria.com.br\/index.php\/wp-json\/wp\/v2\/pages\/2\/revisions"}],"predecessor-version":[{"id":19,"href":"https:\/\/blog.arantesimobiliaria.com.br\/index.php\/wp-json\/wp\/v2\/pages\/2\/revisions\/19"}],"wp:attachment":[{"href":"https:\/\/blog.arantesimobiliaria.com.br\/index.php\/wp-json\/wp\/v2\/media?parent=2"}],"curies":[{"name":"wp","href":"https:\/\/api.w.org\/{rel}","templated":true}]}}